{"id":512,"date":"2026-01-11T20:00:00","date_gmt":"2026-01-11T19:00:00","guid":{"rendered":"https:\/\/leipzig-kiew.eu\/?page_id=512"},"modified":"2026-01-25T19:53:16","modified_gmt":"2026-01-25T18:53:16","slug":"spenden-was-damit-passierte","status":"publish","type":"page","link":"https:\/\/leipzig-kiew.eu\/ru\/spenden-was-damit-passierte","title":{"rendered":"Unsere Hilfe durch Ihre Spenden"},"content":{"rendered":"\n<p>Mit Beginn des Krieges Ru\u00dflands gegen die Ukraine konnte unser Verein bereits seit M\u00e4rz 2022 eine \u00fcberw\u00e4ltigende Bereitschaft zur Hilfe mit Spenden f\u00fcr die ukrainische Bev\u00f6lkerung feststellen. Bis Ende 2025 gingen auf unserem f\u00fcr diesen Zweck eingerichteten Spendenkonto Geld- und Sachspenden in H\u00f6he von rund 415.000 \u20ac ein. Daran beteiligten sich Privatpersonen, Schulgruppen, Kirchgemeinden, Firmensammlungen, Konzertveranstaltungen bis hin zu famili\u00e4ren Anl\u00e4ssen (Hochzeit, Jubil\u00e4um, runde Geburtstage, Trauerfeiern) usw. <\/p>\n\n\n\n<p><strong>Allen dazu ein herzliches Dankesch\u00f6n !<\/strong><\/p>\n\n\n\n<p>Unser Verein orientierte sich von Anfang an darauf, die gespendeten Mittel&nbsp;vorrangig zur Hilfe f\u00fcr die&#8221;Binnenvertriebenen&#8221;direkt in der Ukraine einzusetzen.<\/p>\n\n\n\n<p>Seither konnten dringend ben\u00f6tigte Waren des t\u00e4glichen Bedarfes, Baby- und Hygieneartikel, W\u00e4rmedecken, neue Kleidung, Haushaltger\u00e4te usw. im Wert von mehreren einhunderttausend Euro f\u00fcr die Menschen beschafft werden, die direkt in ihren Heimatregionen vom Krieg betroffen oder aus der Ostukraine in andere Gebiete und Grenzregionen der Ukraine geflohen waren.                                             Dar\u00fcber hinaus haben wir auch andere Leipziger Vereine bei ihrer Hilfe in der Ukraine finanziell unterst\u00fctzt, z.B. bei den Transportkosten.<\/p>\n\n\n\n<p>Mit unserer Partnerorganisation&#8221;Europa-Kontakt&#8221;in Kiew, den Stadtverwaltungen der Partnerst\u00e4dte Leipzig und Kiew und weiteren neu entstandenen Hilfsorganisationen in Leipzig arbeiten wir eng zusammen, um dem tats\u00e4chlichen Bedarf gerecht werden zu k\u00f6nnen.<\/p>\n\n\n\n<p class=\"has-black-color has-text-color has-link-color wp-elements-5cbfe0421038ed664d1e55d0042bd4dd\">Zum Jahresende 2022 entwickelte sich durch den Beginn der Zerst\u00f6rung der Energiestrukturen in den Gro\u00dfst\u00e4dten der Ukraine durch russische Raketen ein besonderer Schwerpunkt, es gab einen starken Bedarf an Generatoren f\u00fcr die individuelle Stromerzeugung. F\u00fcr <strong>Kiew <\/strong>erfolgte eine entsprechende Lieferung (Gesamtvolumen 22 t) im Februar 2023. Wir richteten unsere Hilfe dabei haupts\u00e4chlich auf Kinder- und Sozialeinrichtungen, Schulen und Hochschuleinrichtungen.<\/p>\n\n\n\n<p>Au\u00dferdem konnten wir Ende 2023 auf Bitten der Stadt Kiew&nbsp; die Lieferung von zwei Fahrzeugen f\u00fcr den Transport von Verletzten aus den Spendenmitteln finanziell erm\u00f6glichen.<\/p>\n\n\n\n<p>Da seit mehreren Jahren auf unsere Einladung hin Kiewer Jugend-Sportler an der&#8221;Lipsiade&#8221;in Leipzig teilnehmen, konnten wir fast jedes Jahr den ukrainischen Bus bei der R\u00fcckreise nutzen, um z.B. Sachen (Matratzen, Decken , Bettw\u00e4sche , Schul- und Zeichenmaterial, Hygieneartikel) f\u00fcr einen Schutzkeller eines Kiewer Kindergartens zu senden.<\/p>\n\n\n\n<p>Ebenso sandten wir Hilfe f\u00fcr die Sozialstation <strong>Koseletsk<\/strong> (Raum Chernygov, n\u00f6rdlich von Kiew).<\/p>\n\n\n\n<p>Durch unsere Partnerorganisation war uns diese benannt worden, dort ist ein Versorgungsnetz mit rund 50 kleineren medizinisch-sozialen Anlaufstationen im l\u00e4ndlichen Raum um Kiew zur Versorgung der Bev\u00f6lkerung. Es fehlt da an medizinischen Produkten, Hygieneartikeln und Waren des t\u00e4glichen Bedarfes.<\/p>\n\n\n\n<p>Mit den Spendenmitteln konnten wir dazu im Jahr 2024&nbsp; 3 x sowie im Jahr 2025 3 x Hilfe leisten.&nbsp;<\/p>\n\n\n\n<p>Weitere unserer eigenen Aktionen zur Nutzung der uns \u00fcbertragenen Spenden waren besonders:&nbsp;<\/p>\n\n\n\n<p>Im Mai und Oktober 2022, im Dezember 2024, im August und Dezember 2025 haben wir Hilfslieferungen&nbsp; nach <strong>Buschtyno<\/strong> (ukr. Karpaten) organisiert.<\/p>\n\n\n\n<p>Die dortige Gemeinde nimmt regelm\u00e4\u00dfig eine gro\u00dfe Zahl von Familien aus der Ostukraine auf. Die Unterbringung erfolgt in leerstehenden Geb\u00e4uden, aber dort fehlt es an Allem, von der Geb\u00e4ude- und Wohnungsausstattung, \u00fcber Sanit\u00e4rartikel, Medikamente, Bekleidung bis zu Lebensmitteln.&nbsp;<\/p>\n\n\n\n<p>Zus\u00e4tzlich zu den von uns gekauften Produkten war in Leipzig im Dezember 2024 eine tolle Sammelaktion von privater Winterbekleidung f\u00fcr die Menschen dort eine gro\u00dfe Hilfe.&nbsp;                 Au\u00dferdem konnten wir \u00fcber das MDR-Fernsehen organisiert viele Bekleidungsteile im Rahmen einer &#8220;Strickaktion&#8221; f\u00fcr Bed\u00fcrftige mit auf den Weg bringen.<\/p>\n\n\n\n<p>2025 wurden erneut zwei LkW-Ladungen mit Waschmaschinen, Heizger\u00e4ten, Haushaltgegenst\u00e4nden, W\u00e4sche, Bekleidung und Waren des t\u00e4glichen Bedarfes nach Buschtyno geschickt.                                     Im Dezember 2025 konnten wir dann auch noch einen Kindergarten dort mit gespendetem Inventar ausstatten.<\/p>\n\n\n\n<p>Im Juli 2022 und April 2023 folgten Hilfslieferungen in die Grenz-\/Kriegs-Region&nbsp;<strong>Saporishje ,&nbsp;<\/strong>vor allem an ein Versorgungszentrum f\u00fcr sozial schwache Familien und Binnenvertriebene.                                        Nach der Sprengung des Dnepr-Staudammes konnten wir ebenso bei der Notversorgung f\u00fcr die Bev\u00f6lkerung in <strong>Cherson<\/strong> helfen.<\/p>\n\n\n\n<p>Wir bedanken uns nochmals hier ganz herzlich bei Allen, die uns bisher bei der Hilfe zur Linderung der Not betroffener Menschen in der Ukraine unterst\u00fctzt haben.&nbsp;<\/p>\n\n\n\n<p>Unsere Hilfe wird weiter ben\u00f6tigt.<\/p>\n\n\n\n<p><\/p>\n","protected":false},"excerpt":{"rendered":"<p>Mit Beginn des Krieges Ru\u00dflands gegen die Ukraine konnte unser Verein bereits seit M\u00e4rz 2022 eine \u00fcberw\u00e4ltigende Bereitschaft zur Hilfe mit Spenden f\u00fcr die ukrainische Bev\u00f6lkerung feststellen. Bis Ende 2025 gingen auf unserem f\u00fcr diesen Zweck eingerichteten Spendenkonto Geld- und Sachspenden in H\u00f6he von rund 415.000 \u20ac ein. Daran beteiligten sich Privatpersonen, Schulgruppen, Kirchgemeinden, Firmensammlungen,&#8230;<\/p>\n","protected":false},"author":3,"featured_media":562,"parent":0,"menu_order":0,"comment_status":"closed","ping_status":"closed","template":"","meta":{"footnotes":""},"class_list":["post-512","page","type-page","status-publish","has-post-thumbnail","hentry"],"translation":{"provider":"WPGlobus","version":"3.0.2","language":"ru","enabled_languages":["de","uk","ru"],"languages":{"de":{"title":true,"content":true,"excerpt":false},"uk":{"title":false,"content":false,"excerpt":false},"ru":{"title":false,"content":false,"excerpt":false}}},"jetpack_sharing_enabled":true,"_links":{"self":[{"href":"https:\/\/leipzig-kiew.eu\/ru\/wp-json\/wp\/v2\/pages\/512","targetHints":{"allow":["GET"]}}],"collection":[{"href":"https:\/\/leipzig-kiew.eu\/ru\/wp-json\/wp\/v2\/pages"}],"about":[{"href":"https:\/\/leipzig-kiew.eu\/ru\/wp-json\/wp\/v2\/types\/page"}],"author":[{"embeddable":true,"href":"https:\/\/leipzig-kiew.eu\/ru\/wp-json\/wp\/v2\/users\/3"}],"replies":[{"embeddable":true,"href":"https:\/\/leipzig-kiew.eu\/ru\/wp-json\/wp\/v2\/comments?post=512"}],"version-history":[{"count":83,"href":"https:\/\/leipzig-kiew.eu\/ru\/wp-json\/wp\/v2\/pages\/512\/revisions"}],"predecessor-version":[{"id":722,"href":"https:\/\/leipzig-kiew.eu\/ru\/wp-json\/wp\/v2\/pages\/512\/revisions\/722"}],"wp:featuredmedia":[{"embeddable":true,"href":"https:\/\/leipzig-kiew.eu\/ru\/wp-json\/wp\/v2\/media\/562"}],"wp:attachment":[{"href":"https:\/\/leipzig-kiew.eu\/ru\/wp-json\/wp\/v2\/media?parent=512"}],"curies":[{"name":"wp","href":"https:\/\/api.w.org\/{rel}","templated":true}]}}