{"id":327,"date":"2024-01-09T15:49:00","date_gmt":"2024-01-09T15:49:00","guid":{"rendered":"https:\/\/xn--stdtepartnerschaftleipz-w7b.live-website.com\/?page_id=327"},"modified":"2024-01-09T15:58:43","modified_gmt":"2024-01-09T15:58:43","slug":"impressum","status":"publish","type":"page","link":"https:\/\/leipzig-kiew.eu\/uk\/impressum","title":{"rendered":"Impressum"},"content":{"rendered":"\n<p><strong>Angaben gem\u00e4\u00df \u00a7 5 TMG:<\/strong><\/p>\n\n\n\n<p>UKRAINE-KONTAKT e. V. Leipzig<\/p>\n\n\n\n<p>c\/o Renate Voigt<br>Meininger Ring 35<br>04205 Leipzig<\/p>\n\n\n\n<p><strong>Vertreten durch:<\/strong><br>Renate Voigt (1. Vorsitzende)<\/p>\n\n\n\n<p><strong>Kontakt:<\/strong><br>Tel.: &nbsp; +49 172 3656 428<br>E-Mail: <a href=\"mailto:ukrainekontakt@t-online.de\">ukrainekontakt@t-online.de<\/a>&nbsp;<\/p>\n\n\n\n<p>R<strong>egistereintrag:<\/strong><br>Vereinsregister der Stadt Leipzig, Reg.-Nr. 3280<\/p>\n\n\n\n<p><strong>Verantwortlich f\u00fcr den Inhalt nach \u00a7 18 Abs. 2 MStV:<\/strong><br>Renate Voigt<\/p>\n\n\n\n<p><strong>Quellenangaben verwendete Bilder und Grafiken:<\/strong><br>Maria Antonova, pixabay<br>Leipzig Travel, wikimedia<br>Eric Kemnitz<br>Stadt Leipzig<\/p>\n\n\n\n<p><strong>Realisierung:<\/strong><br>AGAPLESION MITTELDEUTSCHLAND gGmbH<br><a href=\"https:\/\/www.agaplesion-mitteldeutschland.de\" data-type=\"URL\" data-id=\"https:\/\/www.agaplesion-mitteldeutschland.de\" target=\"_blank\" rel=\"noreferrer noopener\">www.agaplesion-mitteldeutschland.de<\/a><br>wpunktw kommunikation + werbung gmbh<br><a rel=\"noreferrer noopener\" href=\"https:\/\/wpunktw.com\" data-type=\"URL\" data-id=\"https:\/\/wpunktw.com\" target=\"_blank\">www.wpunktw.com<\/a><\/p>\n\n\n\n<p><strong>Haftungsbeschr\u00e4nkung<\/strong><br>Die Inhalte dieser Website werden mit gr\u00f6\u00dftm\u00f6glicher Sorgfalt erstellt. Der Anbieter \u00fcbernimmt jedoch keine Gew\u00e4hr f\u00fcr die Richtigkeit, Vollst\u00e4ndigkeit und Aktualit\u00e4t der bereitgestellten Inhalte. Die Nutzung der Inhalte der Website erfolgt auf eigene Gefahr des Nutzers.<br><br>Namentlich gekennzeichnete Beitr\u00e4ge geben die Meinung des jeweiligen Autors und nicht immer die Meinung des Anbieters wieder. Mit der reinen Nutzung der Website des Anbieters kommt keinerlei Vertragsverh\u00e4ltnis zwischen dem Nutzer und dem Anbieter zustande.<\/p>\n\n\n\n<p><strong>Externe Links<\/strong><br>Diese Website enth\u00e4lt Verkn\u00fcpfungen zu Websites Dritter (\u00bbexterne Links\u00ab). Diese Websites unterliegen der Haftung der jeweiligen Betreiber. Der Anbieter hat bei der erstmaligen Verkn\u00fcpfung der externen Links die fremden Inhalte daraufhin \u00fcberpr\u00fcft, ob etwaige Rechtsverst\u00f6\u00dfe bestehen. Zu dem Zeitpunkt waren keine Rechtsverst\u00f6\u00dfe ersichtlich. Der Anbieter hat keinerlei Einfluss auf die aktuelle und zuk\u00fcnftige Gestaltung und auf die Inhalte der verkn\u00fcpften Seiten. Das Setzen von externen Links bedeutet nicht, dass sich der Anbieter die hinter dem Verweis oder Link liegenden Inhalte zu Eigen macht. Eine st\u00e4ndige Kontrolle der externen Links ist f\u00fcr den Anbieter ohne konkrete Hinweise auf Rechtsverst\u00f6\u00dfe nicht zumutbar. Bei Kenntnis von Rechtsverst\u00f6\u00dfen werden jedoch derartige externe Links unverz\u00fcglich gel\u00f6scht<\/p>\n\n\n\n<p><strong>Urheber- und Leistungsschutzrechte<\/strong><br>Die auf dieser Website ver\u00f6ffentlichten Inhalte unterliegen dem deutschen Urheber- und Leistungsschutzrecht. Jede vom deutschen Urheber- und Leistungsschutzrecht nicht zugelassene Verwertung bedarf der vorherigen schriftlichen Zustimmung des Anbieters oder jeweiligen Rechteinhabers. Dies gilt insbesondere f\u00fcr Vervielf\u00e4ltigung, Bearbeitung, \u00dcbersetzung, Einspeicherung, Verarbeitung bzw. Wiedergabe von Inhalten in Datenbanken oder anderen elektronischen Medien und Systemen. Inhalte und Rechte Dritter sind dabei als solche gekennzeichnet. Die unerlaubte Vervielf\u00e4ltigung oder Weitergabe einzelner Inhalte oder kompletter Seiten ist nicht gestattet und strafbar. Lediglich die Herstellung von Kopien und Downloads f\u00fcr den pers\u00f6nlichen, privaten und nicht kommerziellen Gebrauch ist erlaubt. Die Darstellung dieser Website in fremden Frames ist nur mit schriftlicher Erlaubnis zul\u00e4ssig.<\/p>\n\n\n\n<p><strong>Datenschutz<\/strong><br>Die Nutzung unserer Webseite ist in der Regel ohne Angabe personenbezogener Daten m\u00f6glich. Soweit auf unseren Seiten personenbezogene Daten (beispielsweise Name, Anschrift oder eMail-Adressen) erhoben werden, erfolgt dies, soweit m\u00f6glich, stets auf freiwilliger Basis. Diese Daten werden ohne Ihre ausdr\u00fcckliche Zustimmung nicht an Dritte weitergegeben.<\/p>\n\n\n\n<p>Durch den Besuch der Webseite des Anbieters k\u00f6nnen Informationen \u00fcber den Zugriff (Datum, Uhrzeit, betrachtete Seite) gespeichert werden. Diese Daten geh\u00f6ren nicht zu den personenbezogenen Daten, sondern sind anonymisiert. Sie werden ausschlie\u00dflich zu statistischen Zwecken ausgewertet. Eine Weitergabe an Dritte, zu kommerziellen oder nichtkommerziellen Zwecken, findet nicht statt.<\/p>\n\n\n\n<p>Wir weisen darauf hin, dass die Daten\u00fcbertragung im Internet (z. B. bei der Kommunikation per E-Mail) Sicherheitsl\u00fccken aufweisen kann. Ein l\u00fcckenloser Schutz der Daten vor dem Zugriff durch Dritte ist nicht m\u00f6glich.<\/p>\n\n\n\n<p>Die Verwendung der Kontaktdaten des Impressums zur gewerblichen Werbung ist ausdr\u00fccklich nicht erw\u00fcnscht, es sei denn der Anbieter hatte zuvor seine schriftliche Einwilligung erteilt oder es besteht bereits eine Gesch\u00e4ftsbeziehung. Der Anbieter und alle auf dieser Website genannten Personen widersprechen hiermit jeder kommerziellen Verwendung und Weitergabe ihrer Daten.<\/p>\n","protected":false},"excerpt":{"rendered":"<p>Angaben gem\u00e4\u00df \u00a7 5 TMG: UKRAINE-KONTAKT e. V. Leipzig c\/o Renate VoigtMeininger Ring 3504205 Leipzig Vertreten durch:Renate Voigt (1. Vorsitzende) Kontakt:Tel.: &nbsp; +49 172 3656 428E-Mail: ukrainekontakt@t-online.de&nbsp; Registereintrag:Vereinsregister der Stadt Leipzig, Reg.-Nr. 3280 Verantwortlich f\u00fcr den Inhalt nach \u00a7 18 Abs. 2 MStV:Renate Voigt Quellenangaben verwendete Bilder und Grafiken:Maria Antonova, pixabayLeipzig Travel, wikimediaEric KemnitzStadt Leipzig&#8230;<\/p>\n","protected":false},"author":2,"featured_media":0,"parent":0,"menu_order":0,"comment_status":"closed","ping_status":"closed","template":"","meta":{"footnotes":""},"class_list":["post-327","page","type-page","status-publish","hentry"],"translation":{"provider":"WPGlobus","version":"3.0.2","language":"uk","enabled_languages":["de","uk","ru"],"languages":{"de":{"title":true,"content":true,"excerpt":false},"uk":{"title":false,"content":false,"excerpt":false},"ru":{"title":false,"content":false,"excerpt":false}}},"jetpack_sharing_enabled":true,"_links":{"self":[{"href":"https:\/\/leipzig-kiew.eu\/uk\/wp-json\/wp\/v2\/pages\/327","targetHints":{"allow":["GET"]}}],"collection":[{"href":"https:\/\/leipzig-kiew.eu\/uk\/wp-json\/wp\/v2\/pages"}],"about":[{"href":"https:\/\/leipzig-kiew.eu\/uk\/wp-json\/wp\/v2\/types\/page"}],"author":[{"embeddable":true,"href":"https:\/\/leipzig-kiew.eu\/uk\/wp-json\/wp\/v2\/users\/2"}],"replies":[{"embeddable":true,"href":"https:\/\/leipzig-kiew.eu\/uk\/wp-json\/wp\/v2\/comments?post=327"}],"version-history":[{"count":8,"href":"https:\/\/leipzig-kiew.eu\/uk\/wp-json\/wp\/v2\/pages\/327\/revisions"}],"predecessor-version":[{"id":499,"href":"https:\/\/leipzig-kiew.eu\/uk\/wp-json\/wp\/v2\/pages\/327\/revisions\/499"}],"wp:attachment":[{"href":"https:\/\/leipzig-kiew.eu\/uk\/wp-json\/wp\/v2\/media?parent=327"}],"curies":[{"name":"wp","href":"https:\/\/api.w.org\/{rel}","templated":true}]}}